{"id":3234,"date":"2019-05-08T17:46:08","date_gmt":"2019-05-08T16:46:08","guid":{"rendered":"https:\/\/pro.ba\/?page_id=3234"},"modified":"2022-09-14T09:01:04","modified_gmt":"2022-09-14T08:01:04","slug":"zenica-trilogija","status":"publish","type":"page","link":"https:\/\/pro.ba\/en\/projects\/zenica-trilogija\/","title":{"rendered":"&#8220;Zenica trilogija&#8221; umjetnice Danice Daki\u0107 na 58. me\u0111unarodnoj izlo\u017ebi vizualnih umjetnosti, Venecijanskom bijenalu"},"content":{"rendered":"<p><img fetchpriority=\"high\" decoding=\"async\" class=\"aligncenter size-full wp-image-3238\" src=\"https:\/\/pro.ba\/app\/uploads\/2019\/05\/ZENICA-TRILOGIJA-2.jpg\" alt=\"\" width=\"2400\" height=\"1629\" srcset=\"https:\/\/pro.ba\/app\/uploads\/2019\/05\/ZENICA-TRILOGIJA-2.jpg 2400w, https:\/\/pro.ba\/app\/uploads\/2019\/05\/ZENICA-TRILOGIJA-2-600x407.jpg 600w, https:\/\/pro.ba\/app\/uploads\/2019\/05\/ZENICA-TRILOGIJA-2-960x652.jpg 960w, https:\/\/pro.ba\/app\/uploads\/2019\/05\/ZENICA-TRILOGIJA-2-768x521.jpg 768w, https:\/\/pro.ba\/app\/uploads\/2019\/05\/ZENICA-TRILOGIJA-2-1536x1043.jpg 1536w, https:\/\/pro.ba\/app\/uploads\/2019\/05\/ZENICA-TRILOGIJA-2-2048x1390.jpg 2048w\" sizes=\"(max-width: 2400px) 100vw, 2400px\" \/><br \/>\nOdlazak bosanskohercegova\u010dkog tima na 58. Bijenale savremene umjetnosti u Veneciji podr\u017eali su: Ministarstvo kulture i sporta Federacije Bosne i Hercegovine, \u010dija je stru\u010dna komisija donijela odluku o izboru kulturne institucije Muzeja savremene umjetnosti ARS AEVI, koja \u0107e predstavljati BiH u Veneciji 2019. godine. Projekt su podr\u017eali i Ministarstvo civilnih poslova Bosne i Hercegovine, Grad Sarajevo, Centar za savremenu umjetnost \/ pro.ba, Klassik Stiftung Weimar \/ Muzej Bauhaus, Fondacija za kinematografiju Sarajevo, Kanton Sarajevo, BH Po\u0161ta, Kulturamt D\u00fcsseldorf, Festival Asphalt, Audio-Technica i Martin Audio.<\/p>\n","protected":false},"excerpt":{"rendered":"<p>Odlazak bosanskohercegova\u010dkog tima na 58. Bijenale savremene umjetnosti u Veneciji podr\u017eali su: Ministarstvo kulture i sporta Federacije Bosne i Hercegovine, \u010dija je stru\u010dna komisija donijela odluku o izboru kulturne institucije Muzeja savremene umjetnosti ARS AEVI, koja \u0107e predstavljati BiH u Veneciji 2019. godine. Projekt su podr\u017eali i Ministarstvo civilnih poslova Bosne i Hercegovine, Grad Sarajevo, [&hellip;]<\/p>\n","protected":false},"author":4,"featured_media":3477,"parent":1954,"menu_order":2,"comment_status":"closed","ping_status":"closed","template":"","meta":{"_acf_changed":false,"_monsterinsights_skip_tracking":false,"_monsterinsights_sitenote_active":false,"_monsterinsights_sitenote_note":"","_monsterinsights_sitenote_category":0,"footnotes":""},"class_list":["post-3234","page","type-page","status-publish","has-post-thumbnail","hentry"],"acf":[],"yoast_head":"<!-- This site is optimized with the Yoast SEO plugin v23.4 - https:\/\/yoast.com\/wordpress\/plugins\/seo\/ -->\n<title>&quot;Zenica trilogija&quot; umjetnice Danice Daki\u0107 na 58. me\u0111unarodnoj izlo\u017ebi vizualnih umjetnosti, Venecijanskom bijenalu - pro.ba<\/title>\n<meta name=\"robots\" content=\"index, follow, max-snippet:-1, max-image-preview:large, max-video-preview:-1\" \/>\n<link rel=\"canonical\" href=\"https:\/\/pro.ba\/en\/projects\/zenica-trilogija\/\" \/>\n<meta property=\"og:locale\" content=\"en_US\" \/>\n<meta property=\"og:type\" content=\"article\" \/>\n<meta property=\"og:title\" content=\"1\" \/>\n<meta property=\"og:description\" content=\"Odlazak bosanskohercegova\u010dkog tima na 58. Bijenale savremene umjetnosti u Veneciji podr\u017eali su: Ministarstvo kulture i sporta Federacije Bosne i Hercegovine, \u010dija je stru\u010dna komisija donijela odluku o izboru kulturne institucije Muzeja savremene umjetnosti ARS AEVI, koja \u0107e predstavljati BiH u Veneciji 2019. godine. Projekt su podr\u017eali i Ministarstvo civilnih poslova Bosne i Hercegovine, Grad Sarajevo, [&hellip;]\" \/>\n<meta property=\"og:url\" content=\"https:\/\/pro.ba\/en\/projects\/zenica-trilogija\/\" \/>\n<meta property=\"og:site_name\" content=\"pro.ba\" \/>\n<meta property=\"article:publisher\" content=\"https:\/\/www.facebook.com\/SCCApro.ba\" \/>\n<meta property=\"article:modified_time\" content=\"2022-09-14T08:01:04+00:00\" \/>\n<meta property=\"og:image\" content=\"https:\/\/pro.ba\/app\/uploads\/2019\/05\/ZENICA-TRILOGIJA-2.jpg\" \/>\n\t<meta property=\"og:image:width\" content=\"2400\" \/>\n\t<meta property=\"og:image:height\" content=\"1629\" \/>\n\t<meta property=\"og:image:type\" content=\"image\/jpeg\" \/>\n<meta name=\"twitter:card\" content=\"summary_large_image\" \/>\n<meta name=\"twitter:label1\" content=\"Est. reading time\" \/>\n\t<meta name=\"twitter:data1\" content=\"1 minute\" \/>\n<script type=\"application\/ld+json\" class=\"yoast-schema-graph\">{\"@context\":\"https:\/\/schema.org\",\"@graph\":[{\"@type\":\"WebPage\",\"@id\":\"https:\/\/pro.ba\/en\/projects\/zenica-trilogija\/\",\"url\":\"https:\/\/pro.ba\/en\/projects\/zenica-trilogija\/\",\"name\":\"\\\"Zenica trilogija\\\" umjetnice Danice Daki\u0107 na 58. me\u0111unarodnoj izlo\u017ebi vizualnih umjetnosti, Venecijanskom bijenalu - pro.ba\",\"isPartOf\":{\"@id\":\"https:\/\/pro.ba\/#website\"},\"primaryImageOfPage\":{\"@id\":\"https:\/\/pro.ba\/en\/projects\/zenica-trilogija\/#primaryimage\"},\"image\":{\"@id\":\"https:\/\/pro.ba\/en\/projects\/zenica-trilogija\/#primaryimage\"},\"thumbnailUrl\":\"https:\/\/pro.ba\/app\/uploads\/2019\/05\/ZENICA-TRILOGIJA-2.jpg\",\"datePublished\":\"2019-05-08T16:46:08+00:00\",\"dateModified\":\"2022-09-14T08:01:04+00:00\",\"breadcrumb\":{\"@id\":\"https:\/\/pro.ba\/en\/projects\/zenica-trilogija\/#breadcrumb\"},\"inLanguage\":\"en-US\",\"potentialAction\":[{\"@type\":\"ReadAction\",\"target\":[\"https:\/\/pro.ba\/en\/projects\/zenica-trilogija\/\"]}]},{\"@type\":\"ImageObject\",\"inLanguage\":\"en-US\",\"@id\":\"https:\/\/pro.ba\/en\/projects\/zenica-trilogija\/#primaryimage\",\"url\":\"https:\/\/pro.ba\/app\/uploads\/2019\/05\/ZENICA-TRILOGIJA-2.jpg\",\"contentUrl\":\"https:\/\/pro.ba\/app\/uploads\/2019\/05\/ZENICA-TRILOGIJA-2.jpg\",\"width\":2400,\"height\":1629},{\"@type\":\"BreadcrumbList\",\"@id\":\"https:\/\/pro.ba\/en\/projects\/zenica-trilogija\/#breadcrumb\",\"itemListElement\":[{\"@type\":\"ListItem\",\"position\":1,\"name\":\"Home\",\"item\":\"https:\/\/pro.ba\/\"},{\"@type\":\"ListItem\",\"position\":2,\"name\":\"Projects\",\"item\":\"https:\/\/pro.ba\/en\/projects\/\"},{\"@type\":\"ListItem\",\"position\":3,\"name\":\"&#8220;Zenica trilogija&#8221; umjetnice Danice Daki\u0107 na 58. me\u0111unarodnoj izlo\u017ebi vizualnih umjetnosti, Venecijanskom bijenalu\"}]},{\"@type\":\"WebSite\",\"@id\":\"https:\/\/pro.ba\/#website\",\"url\":\"https:\/\/pro.ba\/\",\"name\":\"pro.ba\",\"description\":\"Sarajevo Center for Contemporary Arts\",\"publisher\":{\"@id\":\"https:\/\/pro.ba\/#organization\"},\"potentialAction\":[{\"@type\":\"SearchAction\",\"target\":{\"@type\":\"EntryPoint\",\"urlTemplate\":\"https:\/\/pro.ba\/?s={search_term_string}\"},\"query-input\":{\"@type\":\"PropertyValueSpecification\",\"valueRequired\":true,\"valueName\":\"search_term_string\"}}],\"inLanguage\":\"en-US\"},{\"@type\":\"Organization\",\"@id\":\"https:\/\/pro.ba\/#organization\",\"name\":\"pro.ba\",\"url\":\"https:\/\/pro.ba\/\",\"logo\":{\"@type\":\"ImageObject\",\"inLanguage\":\"en-US\",\"@id\":\"https:\/\/pro.ba\/#\/schema\/logo\/image\/\",\"url\":\"https:\/\/pro.ba\/app\/uploads\/2022\/12\/proba-profile.png\",\"contentUrl\":\"https:\/\/pro.ba\/app\/uploads\/2022\/12\/proba-profile.png\",\"width\":1601,\"height\":900,\"caption\":\"pro.ba\"},\"image\":{\"@id\":\"https:\/\/pro.ba\/#\/schema\/logo\/image\/\"},\"sameAs\":[\"https:\/\/www.facebook.com\/SCCApro.ba\"]}]}<\/script>\n<!-- \/ Yoast SEO plugin. -->","yoast_head_json":{"title":"\"Zenica trilogija\" umjetnice Danice Daki\u0107 na 58. me\u0111unarodnoj izlo\u017ebi vizualnih umjetnosti, Venecijanskom bijenalu - pro.ba","robots":{"index":"index","follow":"follow","max-snippet":"max-snippet:-1","max-image-preview":"max-image-preview:large","max-video-preview":"max-video-preview:-1"},"canonical":"https:\/\/pro.ba\/en\/projects\/zenica-trilogija\/","og_locale":"en_US","og_type":"article","og_title":"1","og_description":"Odlazak bosanskohercegova\u010dkog tima na 58. Bijenale savremene umjetnosti u Veneciji podr\u017eali su: Ministarstvo kulture i sporta Federacije Bosne i Hercegovine, \u010dija je stru\u010dna komisija donijela odluku o izboru kulturne institucije Muzeja savremene umjetnosti ARS AEVI, koja \u0107e predstavljati BiH u Veneciji 2019. godine. Projekt su podr\u017eali i Ministarstvo civilnih poslova Bosne i Hercegovine, Grad Sarajevo, [&hellip;]","og_url":"https:\/\/pro.ba\/en\/projects\/zenica-trilogija\/","og_site_name":"pro.ba","article_publisher":"https:\/\/www.facebook.com\/SCCApro.ba","article_modified_time":"2022-09-14T08:01:04+00:00","og_image":[{"width":2400,"height":1629,"url":"https:\/\/pro.ba\/app\/uploads\/2019\/05\/ZENICA-TRILOGIJA-2.jpg","type":"image\/jpeg"}],"twitter_card":"summary_large_image","twitter_misc":{"Est. reading time":"1 minute"},"schema":{"@context":"https:\/\/schema.org","@graph":[{"@type":"WebPage","@id":"https:\/\/pro.ba\/en\/projects\/zenica-trilogija\/","url":"https:\/\/pro.ba\/en\/projects\/zenica-trilogija\/","name":"\"Zenica trilogija\" umjetnice Danice Daki\u0107 na 58. me\u0111unarodnoj izlo\u017ebi vizualnih umjetnosti, Venecijanskom bijenalu - pro.ba","isPartOf":{"@id":"https:\/\/pro.ba\/#website"},"primaryImageOfPage":{"@id":"https:\/\/pro.ba\/en\/projects\/zenica-trilogija\/#primaryimage"},"image":{"@id":"https:\/\/pro.ba\/en\/projects\/zenica-trilogija\/#primaryimage"},"thumbnailUrl":"https:\/\/pro.ba\/app\/uploads\/2019\/05\/ZENICA-TRILOGIJA-2.jpg","datePublished":"2019-05-08T16:46:08+00:00","dateModified":"2022-09-14T08:01:04+00:00","breadcrumb":{"@id":"https:\/\/pro.ba\/en\/projects\/zenica-trilogija\/#breadcrumb"},"inLanguage":"en-US","potentialAction":[{"@type":"ReadAction","target":["https:\/\/pro.ba\/en\/projects\/zenica-trilogija\/"]}]},{"@type":"ImageObject","inLanguage":"en-US","@id":"https:\/\/pro.ba\/en\/projects\/zenica-trilogija\/#primaryimage","url":"https:\/\/pro.ba\/app\/uploads\/2019\/05\/ZENICA-TRILOGIJA-2.jpg","contentUrl":"https:\/\/pro.ba\/app\/uploads\/2019\/05\/ZENICA-TRILOGIJA-2.jpg","width":2400,"height":1629},{"@type":"BreadcrumbList","@id":"https:\/\/pro.ba\/en\/projects\/zenica-trilogija\/#breadcrumb","itemListElement":[{"@type":"ListItem","position":1,"name":"Home","item":"https:\/\/pro.ba\/"},{"@type":"ListItem","position":2,"name":"Projects","item":"https:\/\/pro.ba\/en\/projects\/"},{"@type":"ListItem","position":3,"name":"&#8220;Zenica trilogija&#8221; umjetnice Danice Daki\u0107 na 58. me\u0111unarodnoj izlo\u017ebi vizualnih umjetnosti, Venecijanskom bijenalu"}]},{"@type":"WebSite","@id":"https:\/\/pro.ba\/#website","url":"https:\/\/pro.ba\/","name":"pro.ba","description":"Sarajevo Center for Contemporary Arts","publisher":{"@id":"https:\/\/pro.ba\/#organization"},"potentialAction":[{"@type":"SearchAction","target":{"@type":"EntryPoint","urlTemplate":"https:\/\/pro.ba\/?s={search_term_string}"},"query-input":{"@type":"PropertyValueSpecification","valueRequired":true,"valueName":"search_term_string"}}],"inLanguage":"en-US"},{"@type":"Organization","@id":"https:\/\/pro.ba\/#organization","name":"pro.ba","url":"https:\/\/pro.ba\/","logo":{"@type":"ImageObject","inLanguage":"en-US","@id":"https:\/\/pro.ba\/#\/schema\/logo\/image\/","url":"https:\/\/pro.ba\/app\/uploads\/2022\/12\/proba-profile.png","contentUrl":"https:\/\/pro.ba\/app\/uploads\/2022\/12\/proba-profile.png","width":1601,"height":900,"caption":"pro.ba"},"image":{"@id":"https:\/\/pro.ba\/#\/schema\/logo\/image\/"},"sameAs":["https:\/\/www.facebook.com\/SCCApro.ba"]}]}},"_links":{"self":[{"href":"https:\/\/pro.ba\/en\/wp-json\/wp\/v2\/pages\/3234"}],"collection":[{"href":"https:\/\/pro.ba\/en\/wp-json\/wp\/v2\/pages"}],"about":[{"href":"https:\/\/pro.ba\/en\/wp-json\/wp\/v2\/types\/page"}],"author":[{"embeddable":true,"href":"https:\/\/pro.ba\/en\/wp-json\/wp\/v2\/users\/4"}],"replies":[{"embeddable":true,"href":"https:\/\/pro.ba\/en\/wp-json\/wp\/v2\/comments?post=3234"}],"version-history":[{"count":11,"href":"https:\/\/pro.ba\/en\/wp-json\/wp\/v2\/pages\/3234\/revisions"}],"predecessor-version":[{"id":3481,"href":"https:\/\/pro.ba\/en\/wp-json\/wp\/v2\/pages\/3234\/revisions\/3481"}],"up":[{"embeddable":true,"href":"https:\/\/pro.ba\/en\/wp-json\/wp\/v2\/pages\/1954"}],"wp:featuredmedia":[{"embeddable":true,"href":"https:\/\/pro.ba\/en\/wp-json\/wp\/v2\/media\/3477"}],"wp:attachment":[{"href":"https:\/\/pro.ba\/en\/wp-json\/wp\/v2\/media?parent=3234"}],"curies":[{"name":"wp","href":"https:\/\/api.w.org\/{rel}","templated":true}]}}