{"id":2716,"date":"2013-11-09T21:26:53","date_gmt":"2013-11-09T20:26:53","guid":{"rendered":"https:\/\/pro.ba\/?page_id=2716"},"modified":"2013-11-09T21:28:14","modified_gmt":"2013-11-09T20:28:14","slug":"this-that-fighting-against-corruption","status":"publish","type":"page","link":"https:\/\/pro.ba\/en\/projects\/this-that-fighting-against-corruption\/","title":{"rendered":"This &#038; That &#8211; Fighting Against Corruption"},"content":{"rendered":"<p><em>Anti corruption campaign.<\/em><img decoding=\"async\" title=\"Vi\u0161e...\" alt=\"\" src=\"http:\/\/www.pro.ba\/wp-includes\/js\/tinymce\/plugins\/wordpress\/img\/trans.gif\" \/><\/p>\n<p>Elementi:<a href=\"http:\/\/www.pro.ba\/app\/uploads\/2009\/02\/ovajonajlogo-copy.jpg\"><img fetchpriority=\"high\" decoding=\"async\" title=\"ovajonajlogo-copy\" alt=\"ovajonajlogo-copy\" src=\"http:\/\/www.pro.ba\/app\/uploads\/2009\/02\/ovajonajlogo-copy-285x285.jpg\" width=\"285\" height=\"285\" \/><\/a><\/p>\n<ul>\n<li>obrazovni stripovi<\/li>\n<li>10 animiranih filmova, du\u017eine 5 min; emitovanih na 20 TV stanica u Bosni i Hercegovini, privatnih, lokalnih i dr\u017eavnih\/ 20 radio d\u017einglova emitovanih na 35 radio stanica u Bosni i Hercegovini, privatnih, lokalnih i dr\u017eavnih<\/li>\n<li>5 vrsta postera, \u0161tampanih u 20.000 primjeraka, distribuiranih u Bosni i Hercegovini<\/li>\n<li>1 jumbo poster postavljen na 60 lokacija, distribuiran u Bosni i Hercegovini<\/li>\n<\/ul>\n<p>Originalna ideja sa originalno kreiranim likovima osvojila je javni tender. Nakon toga su razvijeni detalji kampanje (poput slogana, skripte za animirane filmove i dr.) u suradnji sa Antikorupcionim odjelom OHR-a. Glavni cilj kampanje je bio da se promijeni pogled i stav gradana, narocito mladih ljudi o korupciji i nacinima na koje razmi\u0161ljaju o vladi i uce\u0161cu u vlasti.<\/p>\n<p>[nggallery id=10]<\/p>\n","protected":false},"excerpt":{"rendered":"<p>Anti corruption campaign. Elementi: obrazovni stripovi 10 animiranih filmova, du\u017eine 5 min; emitovanih na 20 TV stanica u Bosni i Hercegovini, privatnih, lokalnih i dr\u017eavnih\/ 20 radio d\u017einglova emitovanih na 35 radio stanica u Bosni i Hercegovini, privatnih, lokalnih i dr\u017eavnih 5 vrsta postera, \u0161tampanih u 20.000 primjeraka, distribuiranih u Bosni i Hercegovini 1 jumbo [&hellip;]<\/p>\n","protected":false},"author":4,"featured_media":2718,"parent":1954,"menu_order":5,"comment_status":"closed","ping_status":"closed","template":"","meta":{"_acf_changed":false,"_monsterinsights_skip_tracking":false,"_monsterinsights_sitenote_active":false,"_monsterinsights_sitenote_note":"","_monsterinsights_sitenote_category":0,"footnotes":""},"class_list":["post-2716","page","type-page","status-publish","has-post-thumbnail","hentry"],"acf":[],"yoast_head":"<!-- This site is optimized with the Yoast SEO plugin v23.4 - https:\/\/yoast.com\/wordpress\/plugins\/seo\/ -->\n<title>This &amp; That - Fighting Against Corruption - pro.ba<\/title>\n<meta name=\"robots\" content=\"index, follow, max-snippet:-1, max-image-preview:large, max-video-preview:-1\" \/>\n<link rel=\"canonical\" href=\"https:\/\/pro.ba\/en\/projects\/this-that-fighting-against-corruption\/\" \/>\n<meta property=\"og:locale\" content=\"en_US\" \/>\n<meta property=\"og:type\" content=\"article\" \/>\n<meta property=\"og:title\" content=\"This &amp; That - Fighting Against Corruption - pro.ba\" \/>\n<meta property=\"og:description\" content=\"Anti corruption campaign. Elementi: obrazovni stripovi 10 animiranih filmova, du\u017eine 5 min; emitovanih na 20 TV stanica u Bosni i Hercegovini, privatnih, lokalnih i dr\u017eavnih\/ 20 radio d\u017einglova emitovanih na 35 radio stanica u Bosni i Hercegovini, privatnih, lokalnih i dr\u017eavnih 5 vrsta postera, \u0161tampanih u 20.000 primjeraka, distribuiranih u Bosni i Hercegovini 1 jumbo [&hellip;]\" \/>\n<meta property=\"og:url\" content=\"https:\/\/pro.ba\/en\/projects\/this-that-fighting-against-corruption\/\" \/>\n<meta property=\"og:site_name\" content=\"pro.ba\" \/>\n<meta property=\"article:publisher\" content=\"https:\/\/www.facebook.com\/SCCApro.ba\" \/>\n<meta property=\"article:modified_time\" content=\"2013-11-09T20:28:14+00:00\" \/>\n<meta property=\"og:image\" content=\"https:\/\/pro.ba\/app\/uploads\/2013\/11\/ovaj_i_onaj.jpg\" \/>\n\t<meta property=\"og:image:width\" content=\"800\" \/>\n\t<meta property=\"og:image:height\" content=\"619\" \/>\n\t<meta property=\"og:image:type\" content=\"image\/jpeg\" \/>\n<meta name=\"twitter:card\" content=\"summary_large_image\" \/>\n<meta name=\"twitter:label1\" content=\"Est. reading time\" \/>\n\t<meta name=\"twitter:data1\" content=\"1 minute\" \/>\n<script type=\"application\/ld+json\" class=\"yoast-schema-graph\">{\"@context\":\"https:\/\/schema.org\",\"@graph\":[{\"@type\":\"WebPage\",\"@id\":\"https:\/\/pro.ba\/en\/projects\/this-that-fighting-against-corruption\/\",\"url\":\"https:\/\/pro.ba\/en\/projects\/this-that-fighting-against-corruption\/\",\"name\":\"This & That - Fighting Against Corruption - pro.ba\",\"isPartOf\":{\"@id\":\"https:\/\/pro.ba\/#website\"},\"primaryImageOfPage\":{\"@id\":\"https:\/\/pro.ba\/en\/projects\/this-that-fighting-against-corruption\/#primaryimage\"},\"image\":{\"@id\":\"https:\/\/pro.ba\/en\/projects\/this-that-fighting-against-corruption\/#primaryimage\"},\"thumbnailUrl\":\"https:\/\/pro.ba\/app\/uploads\/2013\/11\/ovaj_i_onaj.jpg\",\"datePublished\":\"2013-11-09T20:26:53+00:00\",\"dateModified\":\"2013-11-09T20:28:14+00:00\",\"breadcrumb\":{\"@id\":\"https:\/\/pro.ba\/en\/projects\/this-that-fighting-against-corruption\/#breadcrumb\"},\"inLanguage\":\"en-US\",\"potentialAction\":[{\"@type\":\"ReadAction\",\"target\":[\"https:\/\/pro.ba\/en\/projects\/this-that-fighting-against-corruption\/\"]}]},{\"@type\":\"ImageObject\",\"inLanguage\":\"en-US\",\"@id\":\"https:\/\/pro.ba\/en\/projects\/this-that-fighting-against-corruption\/#primaryimage\",\"url\":\"https:\/\/pro.ba\/app\/uploads\/2013\/11\/ovaj_i_onaj.jpg\",\"contentUrl\":\"https:\/\/pro.ba\/app\/uploads\/2013\/11\/ovaj_i_onaj.jpg\",\"width\":800,\"height\":619},{\"@type\":\"BreadcrumbList\",\"@id\":\"https:\/\/pro.ba\/en\/projects\/this-that-fighting-against-corruption\/#breadcrumb\",\"itemListElement\":[{\"@type\":\"ListItem\",\"position\":1,\"name\":\"Home\",\"item\":\"https:\/\/pro.ba\/\"},{\"@type\":\"ListItem\",\"position\":2,\"name\":\"Projects\",\"item\":\"https:\/\/pro.ba\/en\/projects\/\"},{\"@type\":\"ListItem\",\"position\":3,\"name\":\"This &#038; That &#8211; Fighting Against Corruption\"}]},{\"@type\":\"WebSite\",\"@id\":\"https:\/\/pro.ba\/#website\",\"url\":\"https:\/\/pro.ba\/\",\"name\":\"pro.ba\",\"description\":\"Sarajevo Center for Contemporary Arts\",\"publisher\":{\"@id\":\"https:\/\/pro.ba\/#organization\"},\"potentialAction\":[{\"@type\":\"SearchAction\",\"target\":{\"@type\":\"EntryPoint\",\"urlTemplate\":\"https:\/\/pro.ba\/?s={search_term_string}\"},\"query-input\":{\"@type\":\"PropertyValueSpecification\",\"valueRequired\":true,\"valueName\":\"search_term_string\"}}],\"inLanguage\":\"en-US\"},{\"@type\":\"Organization\",\"@id\":\"https:\/\/pro.ba\/#organization\",\"name\":\"pro.ba\",\"url\":\"https:\/\/pro.ba\/\",\"logo\":{\"@type\":\"ImageObject\",\"inLanguage\":\"en-US\",\"@id\":\"https:\/\/pro.ba\/#\/schema\/logo\/image\/\",\"url\":\"https:\/\/pro.ba\/app\/uploads\/2022\/12\/proba-profile.png\",\"contentUrl\":\"https:\/\/pro.ba\/app\/uploads\/2022\/12\/proba-profile.png\",\"width\":1601,\"height\":900,\"caption\":\"pro.ba\"},\"image\":{\"@id\":\"https:\/\/pro.ba\/#\/schema\/logo\/image\/\"},\"sameAs\":[\"https:\/\/www.facebook.com\/SCCApro.ba\"]}]}<\/script>\n<!-- \/ Yoast SEO plugin. -->","yoast_head_json":{"title":"This & That - Fighting Against Corruption - pro.ba","robots":{"index":"index","follow":"follow","max-snippet":"max-snippet:-1","max-image-preview":"max-image-preview:large","max-video-preview":"max-video-preview:-1"},"canonical":"https:\/\/pro.ba\/en\/projects\/this-that-fighting-against-corruption\/","og_locale":"en_US","og_type":"article","og_title":"This & That - Fighting Against Corruption - pro.ba","og_description":"Anti corruption campaign. Elementi: obrazovni stripovi 10 animiranih filmova, du\u017eine 5 min; emitovanih na 20 TV stanica u Bosni i Hercegovini, privatnih, lokalnih i dr\u017eavnih\/ 20 radio d\u017einglova emitovanih na 35 radio stanica u Bosni i Hercegovini, privatnih, lokalnih i dr\u017eavnih 5 vrsta postera, \u0161tampanih u 20.000 primjeraka, distribuiranih u Bosni i Hercegovini 1 jumbo [&hellip;]","og_url":"https:\/\/pro.ba\/en\/projects\/this-that-fighting-against-corruption\/","og_site_name":"pro.ba","article_publisher":"https:\/\/www.facebook.com\/SCCApro.ba","article_modified_time":"2013-11-09T20:28:14+00:00","og_image":[{"width":800,"height":619,"url":"https:\/\/pro.ba\/app\/uploads\/2013\/11\/ovaj_i_onaj.jpg","type":"image\/jpeg"}],"twitter_card":"summary_large_image","twitter_misc":{"Est. reading time":"1 minute"},"schema":{"@context":"https:\/\/schema.org","@graph":[{"@type":"WebPage","@id":"https:\/\/pro.ba\/en\/projects\/this-that-fighting-against-corruption\/","url":"https:\/\/pro.ba\/en\/projects\/this-that-fighting-against-corruption\/","name":"This & That - Fighting Against Corruption - pro.ba","isPartOf":{"@id":"https:\/\/pro.ba\/#website"},"primaryImageOfPage":{"@id":"https:\/\/pro.ba\/en\/projects\/this-that-fighting-against-corruption\/#primaryimage"},"image":{"@id":"https:\/\/pro.ba\/en\/projects\/this-that-fighting-against-corruption\/#primaryimage"},"thumbnailUrl":"https:\/\/pro.ba\/app\/uploads\/2013\/11\/ovaj_i_onaj.jpg","datePublished":"2013-11-09T20:26:53+00:00","dateModified":"2013-11-09T20:28:14+00:00","breadcrumb":{"@id":"https:\/\/pro.ba\/en\/projects\/this-that-fighting-against-corruption\/#breadcrumb"},"inLanguage":"en-US","potentialAction":[{"@type":"ReadAction","target":["https:\/\/pro.ba\/en\/projects\/this-that-fighting-against-corruption\/"]}]},{"@type":"ImageObject","inLanguage":"en-US","@id":"https:\/\/pro.ba\/en\/projects\/this-that-fighting-against-corruption\/#primaryimage","url":"https:\/\/pro.ba\/app\/uploads\/2013\/11\/ovaj_i_onaj.jpg","contentUrl":"https:\/\/pro.ba\/app\/uploads\/2013\/11\/ovaj_i_onaj.jpg","width":800,"height":619},{"@type":"BreadcrumbList","@id":"https:\/\/pro.ba\/en\/projects\/this-that-fighting-against-corruption\/#breadcrumb","itemListElement":[{"@type":"ListItem","position":1,"name":"Home","item":"https:\/\/pro.ba\/"},{"@type":"ListItem","position":2,"name":"Projects","item":"https:\/\/pro.ba\/en\/projects\/"},{"@type":"ListItem","position":3,"name":"This &#038; That &#8211; Fighting Against Corruption"}]},{"@type":"WebSite","@id":"https:\/\/pro.ba\/#website","url":"https:\/\/pro.ba\/","name":"pro.ba","description":"Sarajevo Center for Contemporary Arts","publisher":{"@id":"https:\/\/pro.ba\/#organization"},"potentialAction":[{"@type":"SearchAction","target":{"@type":"EntryPoint","urlTemplate":"https:\/\/pro.ba\/?s={search_term_string}"},"query-input":{"@type":"PropertyValueSpecification","valueRequired":true,"valueName":"search_term_string"}}],"inLanguage":"en-US"},{"@type":"Organization","@id":"https:\/\/pro.ba\/#organization","name":"pro.ba","url":"https:\/\/pro.ba\/","logo":{"@type":"ImageObject","inLanguage":"en-US","@id":"https:\/\/pro.ba\/#\/schema\/logo\/image\/","url":"https:\/\/pro.ba\/app\/uploads\/2022\/12\/proba-profile.png","contentUrl":"https:\/\/pro.ba\/app\/uploads\/2022\/12\/proba-profile.png","width":1601,"height":900,"caption":"pro.ba"},"image":{"@id":"https:\/\/pro.ba\/#\/schema\/logo\/image\/"},"sameAs":["https:\/\/www.facebook.com\/SCCApro.ba"]}]}},"_links":{"self":[{"href":"https:\/\/pro.ba\/en\/wp-json\/wp\/v2\/pages\/2716"}],"collection":[{"href":"https:\/\/pro.ba\/en\/wp-json\/wp\/v2\/pages"}],"about":[{"href":"https:\/\/pro.ba\/en\/wp-json\/wp\/v2\/types\/page"}],"author":[{"embeddable":true,"href":"https:\/\/pro.ba\/en\/wp-json\/wp\/v2\/users\/4"}],"replies":[{"embeddable":true,"href":"https:\/\/pro.ba\/en\/wp-json\/wp\/v2\/comments?post=2716"}],"version-history":[{"count":1,"href":"https:\/\/pro.ba\/en\/wp-json\/wp\/v2\/pages\/2716\/revisions"}],"predecessor-version":[{"id":2717,"href":"https:\/\/pro.ba\/en\/wp-json\/wp\/v2\/pages\/2716\/revisions\/2717"}],"up":[{"embeddable":true,"href":"https:\/\/pro.ba\/en\/wp-json\/wp\/v2\/pages\/1954"}],"wp:featuredmedia":[{"embeddable":true,"href":"https:\/\/pro.ba\/en\/wp-json\/wp\/v2\/media\/2718"}],"wp:attachment":[{"href":"https:\/\/pro.ba\/en\/wp-json\/wp\/v2\/media?parent=2716"}],"curies":[{"name":"wp","href":"https:\/\/api.w.org\/{rel}","templated":true}]}}