{"id":2402,"date":"2013-11-02T21:20:58","date_gmt":"2013-11-02T20:20:58","guid":{"rendered":"https:\/\/pro.ba\/site\/?page_id=2402"},"modified":"2013-11-05T21:27:45","modified_gmt":"2013-11-05T20:27:45","slug":"bosnia-and-herzegovina-searching-for-lost-identity","status":"publish","type":"page","link":"https:\/\/pro.ba\/en\/projects\/bosnia-and-herzegovina-searching-for-lost-identity\/","title":{"rendered":"Bosnia and Herzegovina &#8211; Searching for Lost Identity"},"content":{"rendered":"<p>The project Bosnia And Herzegovina Searching For Lost Identity is a media-cultural project, consisting of several different segments. It is unique in its research, cultural and phenomenological orientation.<\/p>\n<p>An additional segment of the project is a series of visual artists&#8217; works based on the same subject and conceived as personal statements \/ messages for public dissemination in the form of postcards (posters, billboards).<\/p>\n<p>[nggallery id=1]<\/p>\n<p>Produced as part of project Bosnia and Herzegovina Searching for Lost Identity<\/p>\n<p>The project is based on a series of documentaries and fictions, which study the subject of country\u2019s identity from an author\u2019s point of view. The chief editor (author of the project) develops each film together with the authors. The chosen author addresses the issue of identity in a personal manner and artistic expression. Other segments of the project, apart from the films, are an exhibition on identity and a TV campaign.<\/p>\n<p>Lately, there has been much debate in Bosnian media on what B-H is today. Those discussions of course talk about some past alleged country\u2019s identities. In this moment, when this country lives between myths about itself and reality, which is so far away from those myths, it is necessary to start thinking about essential questioning and ask the question what is Bosnia And Herzegovina today, what it has been in recent history, and what is that history offers us as a starting point. The issues of marginalisation, consequences of the aggression, displacement, cultural and religious differences, are not new ones, but they are definitely the ones which should be addressed.<\/p>\n<p>The goal of this project is to initiate an essential discussion and start questioning the dogma concerning the identity of Bosnia And Herzegovina, and also start listening to answers, which could help in building a more complete image of oneself and their virtues and flaws, and finally to accept the possibility of debate as the foundation of that identity. The project\u2019s goal is not to find the answer, but, we hope, a starting point of a long term process. The 12 films are being realised with 12 different authors, or groups of authors, who have tackled the issue of identity in their previous works. An individual identity is complex and hard to define, and a country\u2019s identity is possible to try to define through many individual ones. Two basic approaches to many aspects of the identity are cultural-historic and phenomenological. The documentary genre is treated in a widest possible way. All the authors of the films are the citizens of this country, no matter where they live. The role of emigrants is important in a sense of defining the identity of a country, which functions as an almost imaginary picture of those who have left and as a space for struggling for survival of those who have stayed or returned.<\/p>\n<ol>\n<li><a href=\"https:\/\/pro.ba\/en\/films\/what-do-i-know-2\/\">What do I Know<\/a>, \u0160ejla Kameri\u0107, Timur Makarevi\u0107<\/li>\n<li><a href=\"https:\/\/pro.ba\/en\/films\/interrogation-2\/\">Interrogation<\/a>, Namik Kabil<\/li>\n<li><a href=\"https:\/\/pro.ba\/en\/films\/city-of-golf\/\">City of Golf<\/a>, Igor Bararon<\/li>\n<li><a href=\"https:\/\/pro.ba\/en\/films\/shoping\/\">Shopping<\/a>, Alen Drljevi\u0107<\/li>\n<li><a href=\"https:\/\/pro.ba\/en\/films\/man-still-goes-to-the-moon\/\">Man Still Goes to the Moon<\/a>, Dragan Rokvi\u0107<\/li>\n<li><a href=\"https:\/\/pro.ba\/en\/films\/patria-mia-nomad-direction\/\">Patria Mia<\/a>, Nomad Direction, Du\u0161ka Zagorac<\/li>\n<li><a href=\"https:\/\/pro.ba\/filmovi\/dijagnoza-sbh\/\">Diagnosis SBH<\/a>, Enes Zlatar<\/li>\n<li><a href=\"https:\/\/pro.ba\/en\/films\/this-day-in-history\/\">This Day in History<\/a>, Zoran \u0106ati\u0107, Sead Kre\u0161evljakovi\u0107, Miroslav \u017divanovi\u0107<\/li>\n<li><a href=\"https:\/\/pro.ba\/en\/films\/isola-bella-2\/\">Isola Bella<\/a>, Danica Daki\u0107<\/li>\n<li><a href=\"https:\/\/pro.ba\/en\/films\/anybody\/\">Anybody<\/a>, Timur Makarevi\u0107<\/li>\n<li>Kalli Yuga, Faruk Lon\u010darevi\u0107<\/li>\n<li>Searching for&#8230;, Amra Bak\u0161i\u0107 \u010camo<\/li>\n<\/ol>\n","protected":false},"excerpt":{"rendered":"<p>The project Bosnia And Herzegovina Searching For Lost Identity is a media-cultural project, consisting of several different segments. It is unique in its research, cultural and phenomenological orientation. An additional segment of the project is a series of visual artists&#8217; works based on the same subject and conceived as personal statements \/ messages for public [&hellip;]<\/p>\n","protected":false},"author":4,"featured_media":2565,"parent":1954,"menu_order":4,"comment_status":"closed","ping_status":"closed","template":"","meta":{"_acf_changed":false,"_monsterinsights_skip_tracking":false,"_monsterinsights_sitenote_active":false,"_monsterinsights_sitenote_note":"","_monsterinsights_sitenote_category":0,"footnotes":""},"class_list":["post-2402","page","type-page","status-publish","has-post-thumbnail","hentry"],"acf":[],"yoast_head":"<!-- This site is optimized with the Yoast SEO plugin v23.4 - https:\/\/yoast.com\/wordpress\/plugins\/seo\/ -->\n<title>Bosnia and Herzegovina - Searching for Lost Identity  - pro.ba<\/title>\n<meta name=\"robots\" content=\"index, follow, max-snippet:-1, max-image-preview:large, max-video-preview:-1\" \/>\n<link rel=\"canonical\" href=\"https:\/\/pro.ba\/en\/projects\/bosnia-and-herzegovina-searching-for-lost-identity\/\" \/>\n<meta property=\"og:locale\" content=\"en_US\" \/>\n<meta property=\"og:type\" content=\"article\" \/>\n<meta property=\"og:title\" content=\"Bosnia and Herzegovina - Searching for Lost Identity  - pro.ba\" \/>\n<meta property=\"og:description\" content=\"The project Bosnia And Herzegovina Searching For Lost Identity is a media-cultural project, consisting of several different segments. It is unique in its research, cultural and phenomenological orientation. An additional segment of the project is a series of visual artists&#8217; works based on the same subject and conceived as personal statements \/ messages for public [&hellip;]\" \/>\n<meta property=\"og:url\" content=\"https:\/\/pro.ba\/en\/projects\/bosnia-and-herzegovina-searching-for-lost-identity\/\" \/>\n<meta property=\"og:site_name\" content=\"pro.ba\" \/>\n<meta property=\"article:publisher\" content=\"https:\/\/www.facebook.com\/SCCApro.ba\" \/>\n<meta property=\"article:modified_time\" content=\"2013-11-05T20:27:45+00:00\" \/>\n<meta property=\"og:image\" content=\"https:\/\/pro.ba\/app\/uploads\/2013\/11\/identity.jpg\" \/>\n\t<meta property=\"og:image:width\" content=\"800\" \/>\n\t<meta property=\"og:image:height\" content=\"560\" \/>\n\t<meta property=\"og:image:type\" content=\"image\/jpeg\" \/>\n<meta name=\"twitter:card\" content=\"summary_large_image\" \/>\n<meta name=\"twitter:label1\" content=\"Est. reading time\" \/>\n\t<meta name=\"twitter:data1\" content=\"3 minutes\" \/>\n<script type=\"application\/ld+json\" class=\"yoast-schema-graph\">{\"@context\":\"https:\/\/schema.org\",\"@graph\":[{\"@type\":\"WebPage\",\"@id\":\"https:\/\/pro.ba\/en\/projects\/bosnia-and-herzegovina-searching-for-lost-identity\/\",\"url\":\"https:\/\/pro.ba\/en\/projects\/bosnia-and-herzegovina-searching-for-lost-identity\/\",\"name\":\"Bosnia and Herzegovina - Searching for Lost Identity - pro.ba\",\"isPartOf\":{\"@id\":\"https:\/\/pro.ba\/#website\"},\"primaryImageOfPage\":{\"@id\":\"https:\/\/pro.ba\/en\/projects\/bosnia-and-herzegovina-searching-for-lost-identity\/#primaryimage\"},\"image\":{\"@id\":\"https:\/\/pro.ba\/en\/projects\/bosnia-and-herzegovina-searching-for-lost-identity\/#primaryimage\"},\"thumbnailUrl\":\"https:\/\/pro.ba\/app\/uploads\/2013\/11\/identity.jpg\",\"datePublished\":\"2013-11-02T20:20:58+00:00\",\"dateModified\":\"2013-11-05T20:27:45+00:00\",\"breadcrumb\":{\"@id\":\"https:\/\/pro.ba\/en\/projects\/bosnia-and-herzegovina-searching-for-lost-identity\/#breadcrumb\"},\"inLanguage\":\"en-US\",\"potentialAction\":[{\"@type\":\"ReadAction\",\"target\":[\"https:\/\/pro.ba\/en\/projects\/bosnia-and-herzegovina-searching-for-lost-identity\/\"]}]},{\"@type\":\"ImageObject\",\"inLanguage\":\"en-US\",\"@id\":\"https:\/\/pro.ba\/en\/projects\/bosnia-and-herzegovina-searching-for-lost-identity\/#primaryimage\",\"url\":\"https:\/\/pro.ba\/app\/uploads\/2013\/11\/identity.jpg\",\"contentUrl\":\"https:\/\/pro.ba\/app\/uploads\/2013\/11\/identity.jpg\",\"width\":800,\"height\":560},{\"@type\":\"BreadcrumbList\",\"@id\":\"https:\/\/pro.ba\/en\/projects\/bosnia-and-herzegovina-searching-for-lost-identity\/#breadcrumb\",\"itemListElement\":[{\"@type\":\"ListItem\",\"position\":1,\"name\":\"Home\",\"item\":\"https:\/\/pro.ba\/\"},{\"@type\":\"ListItem\",\"position\":2,\"name\":\"Projects\",\"item\":\"https:\/\/pro.ba\/en\/projects\/\"},{\"@type\":\"ListItem\",\"position\":3,\"name\":\"Bosnia and Herzegovina &#8211; Searching for Lost Identity\"}]},{\"@type\":\"WebSite\",\"@id\":\"https:\/\/pro.ba\/#website\",\"url\":\"https:\/\/pro.ba\/\",\"name\":\"pro.ba\",\"description\":\"Sarajevo Center for Contemporary Arts\",\"publisher\":{\"@id\":\"https:\/\/pro.ba\/#organization\"},\"potentialAction\":[{\"@type\":\"SearchAction\",\"target\":{\"@type\":\"EntryPoint\",\"urlTemplate\":\"https:\/\/pro.ba\/?s={search_term_string}\"},\"query-input\":{\"@type\":\"PropertyValueSpecification\",\"valueRequired\":true,\"valueName\":\"search_term_string\"}}],\"inLanguage\":\"en-US\"},{\"@type\":\"Organization\",\"@id\":\"https:\/\/pro.ba\/#organization\",\"name\":\"pro.ba\",\"url\":\"https:\/\/pro.ba\/\",\"logo\":{\"@type\":\"ImageObject\",\"inLanguage\":\"en-US\",\"@id\":\"https:\/\/pro.ba\/#\/schema\/logo\/image\/\",\"url\":\"https:\/\/pro.ba\/app\/uploads\/2022\/12\/proba-profile.png\",\"contentUrl\":\"https:\/\/pro.ba\/app\/uploads\/2022\/12\/proba-profile.png\",\"width\":1601,\"height\":900,\"caption\":\"pro.ba\"},\"image\":{\"@id\":\"https:\/\/pro.ba\/#\/schema\/logo\/image\/\"},\"sameAs\":[\"https:\/\/www.facebook.com\/SCCApro.ba\"]}]}<\/script>\n<!-- \/ Yoast SEO plugin. -->","yoast_head_json":{"title":"Bosnia and Herzegovina - Searching for Lost Identity  - pro.ba","robots":{"index":"index","follow":"follow","max-snippet":"max-snippet:-1","max-image-preview":"max-image-preview:large","max-video-preview":"max-video-preview:-1"},"canonical":"https:\/\/pro.ba\/en\/projects\/bosnia-and-herzegovina-searching-for-lost-identity\/","og_locale":"en_US","og_type":"article","og_title":"Bosnia and Herzegovina - Searching for Lost Identity  - pro.ba","og_description":"The project Bosnia And Herzegovina Searching For Lost Identity is a media-cultural project, consisting of several different segments. It is unique in its research, cultural and phenomenological orientation. An additional segment of the project is a series of visual artists&#8217; works based on the same subject and conceived as personal statements \/ messages for public [&hellip;]","og_url":"https:\/\/pro.ba\/en\/projects\/bosnia-and-herzegovina-searching-for-lost-identity\/","og_site_name":"pro.ba","article_publisher":"https:\/\/www.facebook.com\/SCCApro.ba","article_modified_time":"2013-11-05T20:27:45+00:00","og_image":[{"width":800,"height":560,"url":"https:\/\/pro.ba\/app\/uploads\/2013\/11\/identity.jpg","type":"image\/jpeg"}],"twitter_card":"summary_large_image","twitter_misc":{"Est. reading time":"3 minutes"},"schema":{"@context":"https:\/\/schema.org","@graph":[{"@type":"WebPage","@id":"https:\/\/pro.ba\/en\/projects\/bosnia-and-herzegovina-searching-for-lost-identity\/","url":"https:\/\/pro.ba\/en\/projects\/bosnia-and-herzegovina-searching-for-lost-identity\/","name":"Bosnia and Herzegovina - Searching for Lost Identity - pro.ba","isPartOf":{"@id":"https:\/\/pro.ba\/#website"},"primaryImageOfPage":{"@id":"https:\/\/pro.ba\/en\/projects\/bosnia-and-herzegovina-searching-for-lost-identity\/#primaryimage"},"image":{"@id":"https:\/\/pro.ba\/en\/projects\/bosnia-and-herzegovina-searching-for-lost-identity\/#primaryimage"},"thumbnailUrl":"https:\/\/pro.ba\/app\/uploads\/2013\/11\/identity.jpg","datePublished":"2013-11-02T20:20:58+00:00","dateModified":"2013-11-05T20:27:45+00:00","breadcrumb":{"@id":"https:\/\/pro.ba\/en\/projects\/bosnia-and-herzegovina-searching-for-lost-identity\/#breadcrumb"},"inLanguage":"en-US","potentialAction":[{"@type":"ReadAction","target":["https:\/\/pro.ba\/en\/projects\/bosnia-and-herzegovina-searching-for-lost-identity\/"]}]},{"@type":"ImageObject","inLanguage":"en-US","@id":"https:\/\/pro.ba\/en\/projects\/bosnia-and-herzegovina-searching-for-lost-identity\/#primaryimage","url":"https:\/\/pro.ba\/app\/uploads\/2013\/11\/identity.jpg","contentUrl":"https:\/\/pro.ba\/app\/uploads\/2013\/11\/identity.jpg","width":800,"height":560},{"@type":"BreadcrumbList","@id":"https:\/\/pro.ba\/en\/projects\/bosnia-and-herzegovina-searching-for-lost-identity\/#breadcrumb","itemListElement":[{"@type":"ListItem","position":1,"name":"Home","item":"https:\/\/pro.ba\/"},{"@type":"ListItem","position":2,"name":"Projects","item":"https:\/\/pro.ba\/en\/projects\/"},{"@type":"ListItem","position":3,"name":"Bosnia and Herzegovina &#8211; Searching for Lost Identity"}]},{"@type":"WebSite","@id":"https:\/\/pro.ba\/#website","url":"https:\/\/pro.ba\/","name":"pro.ba","description":"Sarajevo Center for Contemporary Arts","publisher":{"@id":"https:\/\/pro.ba\/#organization"},"potentialAction":[{"@type":"SearchAction","target":{"@type":"EntryPoint","urlTemplate":"https:\/\/pro.ba\/?s={search_term_string}"},"query-input":{"@type":"PropertyValueSpecification","valueRequired":true,"valueName":"search_term_string"}}],"inLanguage":"en-US"},{"@type":"Organization","@id":"https:\/\/pro.ba\/#organization","name":"pro.ba","url":"https:\/\/pro.ba\/","logo":{"@type":"ImageObject","inLanguage":"en-US","@id":"https:\/\/pro.ba\/#\/schema\/logo\/image\/","url":"https:\/\/pro.ba\/app\/uploads\/2022\/12\/proba-profile.png","contentUrl":"https:\/\/pro.ba\/app\/uploads\/2022\/12\/proba-profile.png","width":1601,"height":900,"caption":"pro.ba"},"image":{"@id":"https:\/\/pro.ba\/#\/schema\/logo\/image\/"},"sameAs":["https:\/\/www.facebook.com\/SCCApro.ba"]}]}},"_links":{"self":[{"href":"https:\/\/pro.ba\/en\/wp-json\/wp\/v2\/pages\/2402"}],"collection":[{"href":"https:\/\/pro.ba\/en\/wp-json\/wp\/v2\/pages"}],"about":[{"href":"https:\/\/pro.ba\/en\/wp-json\/wp\/v2\/types\/page"}],"author":[{"embeddable":true,"href":"https:\/\/pro.ba\/en\/wp-json\/wp\/v2\/users\/4"}],"replies":[{"embeddable":true,"href":"https:\/\/pro.ba\/en\/wp-json\/wp\/v2\/comments?post=2402"}],"version-history":[{"count":0,"href":"https:\/\/pro.ba\/en\/wp-json\/wp\/v2\/pages\/2402\/revisions"}],"up":[{"embeddable":true,"href":"https:\/\/pro.ba\/en\/wp-json\/wp\/v2\/pages\/1954"}],"wp:featuredmedia":[{"embeddable":true,"href":"https:\/\/pro.ba\/en\/wp-json\/wp\/v2\/media\/2565"}],"wp:attachment":[{"href":"https:\/\/pro.ba\/en\/wp-json\/wp\/v2\/media?parent=2402"}],"curies":[{"name":"wp","href":"https:\/\/api.w.org\/{rel}","templated":true}]}}