{"id":1954,"date":"2011-02-14T18:57:00","date_gmt":"2011-02-14T17:57:00","guid":{"rendered":"https:\/\/pro.ba\/projects-2\/"},"modified":"2022-12-18T19:45:15","modified_gmt":"2022-12-18T18:45:15","slug":"projects","status":"publish","type":"page","link":"https:\/\/pro.ba\/en\/projects\/","title":{"rendered":"Projects"},"content":{"rendered":"\t\t<div data-elementor-type=\"wp-page\" data-elementor-id=\"1954\" class=\"elementor elementor-1954 elementor-1256\" data-elementor-post-type=\"page\">\n\t\t\t\t\t\t<section class=\"elementor-section elementor-top-section elementor-element elementor-element-f5a9b63 elementor-section-boxed elementor-section-height-default elementor-section-height-default\" data-id=\"f5a9b63\" data-element_type=\"section\">\n\t\t\t\t\t\t<div class=\"elementor-container elementor-column-gap-default\">\n\t\t\t\t\t<div class=\"elementor-column elementor-col-100 elementor-top-column elementor-element elementor-element-3c41b11\" data-id=\"3c41b11\" data-element_type=\"column\">\n\t\t\t<div class=\"elementor-widget-wrap elementor-element-populated\">\n\t\t\t\t\t\t<div class=\"elementor-element elementor-element-27dd289 elementor-widget elementor-widget-jet-listing-grid\" data-id=\"27dd289\" data-element_type=\"widget\" data-settings=\"{&quot;columns&quot;:&quot;4&quot;,&quot;columns_mobile&quot;:&quot;2&quot;}\" data-widget_type=\"jet-listing-grid.default\">\n\t\t\t\t<div class=\"elementor-widget-container\">\n\t\t\t<div class=\"jet-listing-grid jet-listing\"><div class=\"jet-listing-grid__items grid-col-desk-4 grid-col-tablet-4 grid-col-mobile-2 jet-listing-grid--3532\" data-queried-id=\"1954|WP_Post\" data-nav=\"{&quot;enabled&quot;:false,&quot;type&quot;:null,&quot;more_el&quot;:null,&quot;query&quot;:[],&quot;widget_settings&quot;:{&quot;lisitng_id&quot;:3532,&quot;posts_num&quot;:6,&quot;columns&quot;:4,&quot;columns_tablet&quot;:4,&quot;columns_mobile&quot;:2,&quot;is_archive_template&quot;:&quot;&quot;,&quot;post_status&quot;:[&quot;publish&quot;],&quot;use_random_posts_num&quot;:&quot;&quot;,&quot;max_posts_num&quot;:9,&quot;not_found_message&quot;:&quot;No data was found&quot;,&quot;is_masonry&quot;:false,&quot;equal_columns_height&quot;:&quot;&quot;,&quot;use_load_more&quot;:&quot;&quot;,&quot;load_more_id&quot;:&quot;&quot;,&quot;load_more_type&quot;:&quot;click&quot;,&quot;load_more_offset&quot;:{&quot;unit&quot;:&quot;px&quot;,&quot;size&quot;:0,&quot;sizes&quot;:[]},&quot;use_custom_post_types&quot;:&quot;&quot;,&quot;custom_post_types&quot;:[],&quot;hide_widget_if&quot;:&quot;&quot;,&quot;carousel_enabled&quot;:&quot;&quot;,&quot;slides_to_scroll&quot;:&quot;1&quot;,&quot;arrows&quot;:&quot;true&quot;,&quot;arrow_icon&quot;:&quot;fa fa-angle-left&quot;,&quot;dots&quot;:&quot;&quot;,&quot;autoplay&quot;:&quot;true&quot;,&quot;pause_on_hover&quot;:&quot;true&quot;,&quot;autoplay_speed&quot;:5000,&quot;infinite&quot;:&quot;true&quot;,&quot;center_mode&quot;:&quot;&quot;,&quot;effect&quot;:&quot;slide&quot;,&quot;speed&quot;:500,&quot;inject_alternative_items&quot;:&quot;&quot;,&quot;injection_items&quot;:[],&quot;scroll_slider_enabled&quot;:&quot;&quot;,&quot;scroll_slider_on&quot;:[&quot;desktop&quot;,&quot;tablet&quot;,&quot;mobile&quot;],&quot;custom_query&quot;:&quot;yes&quot;,&quot;custom_query_id&quot;:&quot;1&quot;,&quot;_element_id&quot;:&quot;&quot;}}\" data-page=\"1\" data-pages=\"1\" data-listing-source=\"query\" data-listing-id=\"3532\" data-query-id=\"1\"><div class=\"jet-listing-grid__item jet-listing-dynamic-post-3234\" data-post-id=\"3234\" >\t\t<div data-elementor-type=\"jet-listing-items\" data-elementor-id=\"3532\" class=\"elementor elementor-3532\" data-elementor-post-type=\"jet-engine\">\n\t\t\t\t\t\t<section class=\"elementor-section elementor-top-section elementor-element elementor-element-231fb64 elementor-section-full_width elementor-section-height-default elementor-section-height-default\" data-id=\"231fb64\" data-element_type=\"section\">\n\t\t\t\t\t\t<div class=\"elementor-container elementor-column-gap-no\">\n\t\t\t\t\t<div class=\"elementor-column elementor-col-100 elementor-top-column elementor-element elementor-element-4b62c2d\" data-id=\"4b62c2d\" data-element_type=\"column\">\n\t\t\t<div class=\"elementor-widget-wrap elementor-element-populated\">\n\t\t\t\t\t\t<div class=\"elementor-element elementor-element-654e1da elementor-widget elementor-widget-image\" data-id=\"654e1da\" data-element_type=\"widget\" data-widget_type=\"image.default\">\n\t\t\t\t<div class=\"elementor-widget-container\">\n\t\t\t\t\t\t\t\t\t\t\t\t\t\t<a href=\"https:\/\/pro.ba\/en\/projects\/zenica-trilogija\/\">\n\t\t\t\t\t\t\t<img fetchpriority=\"high\" decoding=\"async\" width=\"400\" height=\"280\" src=\"https:\/\/pro.ba\/app\/uploads\/2019\/05\/ZENICA-TRILOGIJA-2-400x280.jpg\" class=\"attachment-thumbnail size-thumbnail wp-image-3477\" alt=\"\" \/>\t\t\t\t\t\t\t\t<\/a>\n\t\t\t\t\t\t\t\t\t\t\t\t\t<\/div>\n\t\t\t\t<\/div>\n\t\t\t\t<div class=\"elementor-element elementor-element-c60a1a6 elementor-widget elementor-widget-heading\" data-id=\"c60a1a6\" data-element_type=\"widget\" data-widget_type=\"heading.default\">\n\t\t\t\t<div class=\"elementor-widget-container\">\n\t\t\t<h2 class=\"elementor-heading-title elementor-size-small\"><a href=\"https:\/\/pro.ba\/en\/projects\/zenica-trilogija\/\">&#8220;Zenica trilogija&#8221; umjetnice Danice Daki\u0107 na 58. me\u0111unarodnoj izlo\u017ebi vizualnih umjetnosti, Venecijanskom bijenalu<\/a><\/h2>\t\t<\/div>\n\t\t\t\t<\/div>\n\t\t\t\t\t<\/div>\n\t\t<\/div>\n\t\t\t\t\t<\/div>\n\t\t<\/section>\n\t\t\t\t<\/div>\n\t\t<\/div><div class=\"jet-listing-grid__item jet-listing-dynamic-post-2723\" data-post-id=\"2723\" >\t\t<div data-elementor-type=\"jet-listing-items\" data-elementor-id=\"3532\" class=\"elementor elementor-3532\" data-elementor-post-type=\"jet-engine\">\n\t\t\t\t\t\t<section class=\"elementor-section elementor-top-section elementor-element elementor-element-231fb64 elementor-section-full_width elementor-section-height-default elementor-section-height-default\" data-id=\"231fb64\" data-element_type=\"section\">\n\t\t\t\t\t\t<div class=\"elementor-container elementor-column-gap-no\">\n\t\t\t\t\t<div class=\"elementor-column elementor-col-100 elementor-top-column elementor-element elementor-element-4b62c2d\" data-id=\"4b62c2d\" data-element_type=\"column\">\n\t\t\t<div class=\"elementor-widget-wrap elementor-element-populated\">\n\t\t\t\t\t\t<div class=\"elementor-element elementor-element-654e1da elementor-widget elementor-widget-image\" data-id=\"654e1da\" data-element_type=\"widget\" data-widget_type=\"image.default\">\n\t\t\t\t<div class=\"elementor-widget-container\">\n\t\t\t\t\t\t\t\t\t\t\t\t\t\t<a href=\"https:\/\/pro.ba\/en\/projects\/tv-production\/\">\n\t\t\t\t\t\t\t<img decoding=\"async\" width=\"400\" height=\"280\" src=\"https:\/\/pro.ba\/app\/uploads\/2009\/02\/chu_dzo-400x280.jpg\" class=\"attachment-thumbnail size-thumbnail wp-image-3340\" alt=\"\" \/>\t\t\t\t\t\t\t\t<\/a>\n\t\t\t\t\t\t\t\t\t\t\t\t\t<\/div>\n\t\t\t\t<\/div>\n\t\t\t\t<div class=\"elementor-element elementor-element-c60a1a6 elementor-widget elementor-widget-heading\" data-id=\"c60a1a6\" data-element_type=\"widget\" data-widget_type=\"heading.default\">\n\t\t\t\t<div class=\"elementor-widget-container\">\n\t\t\t<h2 class=\"elementor-heading-title elementor-size-small\"><a href=\"https:\/\/pro.ba\/en\/projects\/tv-production\/\">TV production<\/a><\/h2>\t\t<\/div>\n\t\t\t\t<\/div>\n\t\t\t\t\t<\/div>\n\t\t<\/div>\n\t\t\t\t\t<\/div>\n\t\t<\/section>\n\t\t\t\t<\/div>\n\t\t<\/div><div class=\"jet-listing-grid__item jet-listing-dynamic-post-2716\" data-post-id=\"2716\" >\t\t<div data-elementor-type=\"jet-listing-items\" data-elementor-id=\"3532\" class=\"elementor elementor-3532\" data-elementor-post-type=\"jet-engine\">\n\t\t\t\t\t\t<section class=\"elementor-section elementor-top-section elementor-element elementor-element-231fb64 elementor-section-full_width elementor-section-height-default elementor-section-height-default\" data-id=\"231fb64\" data-element_type=\"section\">\n\t\t\t\t\t\t<div class=\"elementor-container elementor-column-gap-no\">\n\t\t\t\t\t<div class=\"elementor-column elementor-col-100 elementor-top-column elementor-element elementor-element-4b62c2d\" data-id=\"4b62c2d\" data-element_type=\"column\">\n\t\t\t<div class=\"elementor-widget-wrap elementor-element-populated\">\n\t\t\t\t\t\t<div class=\"elementor-element elementor-element-654e1da elementor-widget elementor-widget-image\" data-id=\"654e1da\" data-element_type=\"widget\" data-widget_type=\"image.default\">\n\t\t\t\t<div class=\"elementor-widget-container\">\n\t\t\t\t\t\t\t\t\t\t\t\t\t\t<a href=\"https:\/\/pro.ba\/en\/projects\/this-that-fighting-against-corruption\/\">\n\t\t\t\t\t\t\t<img decoding=\"async\" width=\"400\" height=\"280\" src=\"https:\/\/pro.ba\/app\/uploads\/2013\/11\/ovaj_i_onaj-400x280.jpg\" class=\"attachment-thumbnail size-thumbnail wp-image-2718\" alt=\"\" \/>\t\t\t\t\t\t\t\t<\/a>\n\t\t\t\t\t\t\t\t\t\t\t\t\t<\/div>\n\t\t\t\t<\/div>\n\t\t\t\t<div class=\"elementor-element elementor-element-c60a1a6 elementor-widget elementor-widget-heading\" data-id=\"c60a1a6\" data-element_type=\"widget\" data-widget_type=\"heading.default\">\n\t\t\t\t<div class=\"elementor-widget-container\">\n\t\t\t<h2 class=\"elementor-heading-title elementor-size-small\"><a href=\"https:\/\/pro.ba\/en\/projects\/this-that-fighting-against-corruption\/\">This &#038; That &#8211; Fighting Against Corruption<\/a><\/h2>\t\t<\/div>\n\t\t\t\t<\/div>\n\t\t\t\t\t<\/div>\n\t\t<\/div>\n\t\t\t\t\t<\/div>\n\t\t<\/section>\n\t\t\t\t<\/div>\n\t\t<\/div><div class=\"jet-listing-grid__item jet-listing-dynamic-post-1938\" data-post-id=\"1938\" >\t\t<div data-elementor-type=\"jet-listing-items\" data-elementor-id=\"3532\" class=\"elementor elementor-3532\" data-elementor-post-type=\"jet-engine\">\n\t\t\t\t\t\t<section class=\"elementor-section elementor-top-section elementor-element elementor-element-231fb64 elementor-section-full_width elementor-section-height-default elementor-section-height-default\" data-id=\"231fb64\" data-element_type=\"section\">\n\t\t\t\t\t\t<div class=\"elementor-container elementor-column-gap-no\">\n\t\t\t\t\t<div class=\"elementor-column elementor-col-100 elementor-top-column elementor-element elementor-element-4b62c2d\" data-id=\"4b62c2d\" data-element_type=\"column\">\n\t\t\t<div class=\"elementor-widget-wrap elementor-element-populated\">\n\t\t\t\t\t\t<div class=\"elementor-element elementor-element-654e1da elementor-widget elementor-widget-image\" data-id=\"654e1da\" data-element_type=\"widget\" data-widget_type=\"image.default\">\n\t\t\t\t<div class=\"elementor-widget-container\">\n\t\t\t\t\t\t\t\t\t\t\t\t\t\t<a href=\"https:\/\/pro.ba\/en\/projects\/tales-of-transition\/\">\n\t\t\t\t\t\t\t<img loading=\"lazy\" decoding=\"async\" width=\"400\" height=\"280\" src=\"https:\/\/pro.ba\/app\/uploads\/2013\/11\/ToT_no_typo-400x280.jpg\" class=\"attachment-thumbnail size-thumbnail wp-image-2559\" alt=\"\" \/>\t\t\t\t\t\t\t\t<\/a>\n\t\t\t\t\t\t\t\t\t\t\t\t\t<\/div>\n\t\t\t\t<\/div>\n\t\t\t\t<div class=\"elementor-element elementor-element-c60a1a6 elementor-widget elementor-widget-heading\" data-id=\"c60a1a6\" data-element_type=\"widget\" data-widget_type=\"heading.default\">\n\t\t\t\t<div class=\"elementor-widget-container\">\n\t\t\t<h2 class=\"elementor-heading-title elementor-size-small\"><a href=\"https:\/\/pro.ba\/en\/projects\/tales-of-transition\/\">Tales of Transition<\/a><\/h2>\t\t<\/div>\n\t\t\t\t<\/div>\n\t\t\t\t\t<\/div>\n\t\t<\/div>\n\t\t\t\t\t<\/div>\n\t\t<\/section>\n\t\t\t\t<\/div>\n\t\t<\/div><div class=\"jet-listing-grid__item jet-listing-dynamic-post-2389\" data-post-id=\"2389\" >\t\t<div data-elementor-type=\"jet-listing-items\" data-elementor-id=\"3532\" class=\"elementor elementor-3532\" data-elementor-post-type=\"jet-engine\">\n\t\t\t\t\t\t<section class=\"elementor-section elementor-top-section elementor-element elementor-element-231fb64 elementor-section-full_width elementor-section-height-default elementor-section-height-default\" data-id=\"231fb64\" data-element_type=\"section\">\n\t\t\t\t\t\t<div class=\"elementor-container elementor-column-gap-no\">\n\t\t\t\t\t<div class=\"elementor-column elementor-col-100 elementor-top-column elementor-element elementor-element-4b62c2d\" data-id=\"4b62c2d\" data-element_type=\"column\">\n\t\t\t<div class=\"elementor-widget-wrap elementor-element-populated\">\n\t\t\t\t\t\t<div class=\"elementor-element elementor-element-654e1da elementor-widget elementor-widget-image\" data-id=\"654e1da\" data-element_type=\"widget\" data-widget_type=\"image.default\">\n\t\t\t\t<div class=\"elementor-widget-container\">\n\t\t\t\t\t\t\t\t\t\t\t\t\t\t<a href=\"https:\/\/pro.ba\/en\/projects\/individual-utopias-now-and-then\/\">\n\t\t\t\t\t\t\t<img loading=\"lazy\" decoding=\"async\" width=\"400\" height=\"280\" src=\"https:\/\/pro.ba\/app\/uploads\/2013\/11\/utopije-400x280.jpg\" class=\"attachment-thumbnail size-thumbnail wp-image-2507\" alt=\"\" \/>\t\t\t\t\t\t\t\t<\/a>\n\t\t\t\t\t\t\t\t\t\t\t\t\t<\/div>\n\t\t\t\t<\/div>\n\t\t\t\t<div class=\"elementor-element elementor-element-c60a1a6 elementor-widget elementor-widget-heading\" data-id=\"c60a1a6\" data-element_type=\"widget\" data-widget_type=\"heading.default\">\n\t\t\t\t<div class=\"elementor-widget-container\">\n\t\t\t<h2 class=\"elementor-heading-title elementor-size-small\"><a href=\"https:\/\/pro.ba\/en\/projects\/individual-utopias-now-and-then\/\">Individual utopias now and then<\/a><\/h2>\t\t<\/div>\n\t\t\t\t<\/div>\n\t\t\t\t\t<\/div>\n\t\t<\/div>\n\t\t\t\t\t<\/div>\n\t\t<\/section>\n\t\t\t\t<\/div>\n\t\t<\/div><div class=\"jet-listing-grid__item jet-listing-dynamic-post-2402\" data-post-id=\"2402\" >\t\t<div data-elementor-type=\"jet-listing-items\" data-elementor-id=\"3532\" class=\"elementor elementor-3532\" data-elementor-post-type=\"jet-engine\">\n\t\t\t\t\t\t<section class=\"elementor-section elementor-top-section elementor-element elementor-element-231fb64 elementor-section-full_width elementor-section-height-default elementor-section-height-default\" data-id=\"231fb64\" data-element_type=\"section\">\n\t\t\t\t\t\t<div class=\"elementor-container elementor-column-gap-no\">\n\t\t\t\t\t<div class=\"elementor-column elementor-col-100 elementor-top-column elementor-element elementor-element-4b62c2d\" data-id=\"4b62c2d\" data-element_type=\"column\">\n\t\t\t<div class=\"elementor-widget-wrap elementor-element-populated\">\n\t\t\t\t\t\t<div class=\"elementor-element elementor-element-654e1da elementor-widget elementor-widget-image\" data-id=\"654e1da\" data-element_type=\"widget\" data-widget_type=\"image.default\">\n\t\t\t\t<div class=\"elementor-widget-container\">\n\t\t\t\t\t\t\t\t\t\t\t\t\t\t<a href=\"https:\/\/pro.ba\/en\/projects\/bosnia-and-herzegovina-searching-for-lost-identity\/\">\n\t\t\t\t\t\t\t<img loading=\"lazy\" decoding=\"async\" width=\"400\" height=\"280\" src=\"https:\/\/pro.ba\/app\/uploads\/2013\/11\/identity-400x280.jpg\" class=\"attachment-thumbnail size-thumbnail wp-image-2565\" alt=\"\" srcset=\"https:\/\/pro.ba\/app\/uploads\/2013\/11\/identity-400x280.jpg 400w, https:\/\/pro.ba\/app\/uploads\/2013\/11\/identity-600x420.jpg 600w, https:\/\/pro.ba\/app\/uploads\/2013\/11\/identity-768x538.jpg 768w, https:\/\/pro.ba\/app\/uploads\/2013\/11\/identity.jpg 800w\" sizes=\"(max-width: 400px) 100vw, 400px\" \/>\t\t\t\t\t\t\t\t<\/a>\n\t\t\t\t\t\t\t\t\t\t\t\t\t<\/div>\n\t\t\t\t<\/div>\n\t\t\t\t<div class=\"elementor-element elementor-element-c60a1a6 elementor-widget elementor-widget-heading\" data-id=\"c60a1a6\" data-element_type=\"widget\" data-widget_type=\"heading.default\">\n\t\t\t\t<div class=\"elementor-widget-container\">\n\t\t\t<h2 class=\"elementor-heading-title elementor-size-small\"><a href=\"https:\/\/pro.ba\/en\/projects\/bosnia-and-herzegovina-searching-for-lost-identity\/\">Bosnia and Herzegovina &#8211; Searching for Lost Identity<\/a><\/h2>\t\t<\/div>\n\t\t\t\t<\/div>\n\t\t\t\t\t<\/div>\n\t\t<\/div>\n\t\t\t\t\t<\/div>\n\t\t<\/section>\n\t\t\t\t<\/div>\n\t\t<\/div><div class=\"jet-listing-grid__item jet-listing-dynamic-post-2393\" data-post-id=\"2393\" >\t\t<div data-elementor-type=\"jet-listing-items\" data-elementor-id=\"3532\" class=\"elementor elementor-3532\" data-elementor-post-type=\"jet-engine\">\n\t\t\t\t\t\t<section class=\"elementor-section elementor-top-section elementor-element elementor-element-231fb64 elementor-section-full_width elementor-section-height-default elementor-section-height-default\" data-id=\"231fb64\" data-element_type=\"section\">\n\t\t\t\t\t\t<div class=\"elementor-container elementor-column-gap-no\">\n\t\t\t\t\t<div class=\"elementor-column elementor-col-100 elementor-top-column elementor-element elementor-element-4b62c2d\" data-id=\"4b62c2d\" data-element_type=\"column\">\n\t\t\t<div class=\"elementor-widget-wrap elementor-element-populated\">\n\t\t\t\t\t\t<div class=\"elementor-element elementor-element-654e1da elementor-widget elementor-widget-image\" data-id=\"654e1da\" data-element_type=\"widget\" data-widget_type=\"image.default\">\n\t\t\t\t<div class=\"elementor-widget-container\">\n\t\t\t\t\t\t\t\t\t\t\t\t\t\t<a href=\"https:\/\/pro.ba\/en\/projects\/lost-in-transition\/\">\n\t\t\t\t\t\t\t<img loading=\"lazy\" decoding=\"async\" width=\"400\" height=\"280\" src=\"https:\/\/pro.ba\/app\/uploads\/2013\/11\/lost_in_transition-400x280.jpg\" class=\"attachment-thumbnail size-thumbnail wp-image-3443\" alt=\"\" srcset=\"https:\/\/pro.ba\/app\/uploads\/2013\/11\/lost_in_transition-400x280.jpg 400w, https:\/\/pro.ba\/app\/uploads\/2013\/11\/lost_in_transition-600x420.jpg 600w, https:\/\/pro.ba\/app\/uploads\/2013\/11\/lost_in_transition-768x538.jpg 768w, https:\/\/pro.ba\/app\/uploads\/2013\/11\/lost_in_transition.jpg 800w\" sizes=\"(max-width: 400px) 100vw, 400px\" \/>\t\t\t\t\t\t\t\t<\/a>\n\t\t\t\t\t\t\t\t\t\t\t\t\t<\/div>\n\t\t\t\t<\/div>\n\t\t\t\t<div class=\"elementor-element elementor-element-c60a1a6 elementor-widget elementor-widget-heading\" data-id=\"c60a1a6\" data-element_type=\"widget\" data-widget_type=\"heading.default\">\n\t\t\t\t<div class=\"elementor-widget-container\">\n\t\t\t<h2 class=\"elementor-heading-title elementor-size-small\"><a href=\"https:\/\/pro.ba\/en\/projects\/lost-in-transition\/\">Lost in Transition<\/a><\/h2>\t\t<\/div>\n\t\t\t\t<\/div>\n\t\t\t\t\t<\/div>\n\t\t<\/div>\n\t\t\t\t\t<\/div>\n\t\t<\/section>\n\t\t\t\t<\/div>\n\t\t<\/div><\/div><\/div>\t\t<\/div>\n\t\t\t\t<\/div>\n\t\t\t\t\t<\/div>\n\t\t<\/div>\n\t\t\t\t\t<\/div>\n\t\t<\/section>\n\t\t\t\t<\/div>\n\t\t","protected":false},"excerpt":{"rendered":"","protected":false},"author":4,"featured_media":0,"parent":0,"menu_order":2,"comment_status":"closed","ping_status":"closed","template":"elementor_header_footer","meta":{"_acf_changed":false,"_monsterinsights_skip_tracking":false,"_monsterinsights_sitenote_active":false,"_monsterinsights_sitenote_note":"","_monsterinsights_sitenote_category":0,"footnotes":""},"class_list":["post-1954","page","type-page","status-publish","hentry"],"acf":[],"yoast_head":"<!-- This site is optimized with the Yoast SEO plugin v23.4 - https:\/\/yoast.com\/wordpress\/plugins\/seo\/ -->\n<title>Projects - pro.ba<\/title>\n<meta name=\"robots\" content=\"index, follow, max-snippet:-1, max-image-preview:large, max-video-preview:-1\" \/>\n<link rel=\"canonical\" href=\"https:\/\/pro.ba\/en\/projects\/\" \/>\n<meta property=\"og:locale\" content=\"en_US\" \/>\n<meta property=\"og:type\" content=\"article\" \/>\n<meta property=\"og:title\" content=\"Projects - pro.ba\" \/>\n<meta property=\"og:url\" content=\"https:\/\/pro.ba\/en\/projects\/\" \/>\n<meta property=\"og:site_name\" content=\"pro.ba\" \/>\n<meta property=\"article:publisher\" content=\"https:\/\/www.facebook.com\/SCCApro.ba\" \/>\n<meta property=\"article:modified_time\" content=\"2022-12-18T18:45:15+00:00\" \/>\n<meta name=\"twitter:card\" content=\"summary_large_image\" \/>\n<meta name=\"twitter:label1\" content=\"Est. reading time\" \/>\n\t<meta name=\"twitter:data1\" content=\"4 minutes\" \/>\n<script type=\"application\/ld+json\" class=\"yoast-schema-graph\">{\"@context\":\"https:\/\/schema.org\",\"@graph\":[{\"@type\":\"WebPage\",\"@id\":\"https:\/\/pro.ba\/en\/projects\/\",\"url\":\"https:\/\/pro.ba\/en\/projects\/\",\"name\":\"Projects - pro.ba\",\"isPartOf\":{\"@id\":\"https:\/\/pro.ba\/#website\"},\"datePublished\":\"2011-02-14T17:57:00+00:00\",\"dateModified\":\"2022-12-18T18:45:15+00:00\",\"breadcrumb\":{\"@id\":\"https:\/\/pro.ba\/en\/projects\/#breadcrumb\"},\"inLanguage\":\"en-US\",\"potentialAction\":[{\"@type\":\"ReadAction\",\"target\":[\"https:\/\/pro.ba\/en\/projects\/\"]}]},{\"@type\":\"BreadcrumbList\",\"@id\":\"https:\/\/pro.ba\/en\/projects\/#breadcrumb\",\"itemListElement\":[{\"@type\":\"ListItem\",\"position\":1,\"name\":\"Home\",\"item\":\"https:\/\/pro.ba\/\"},{\"@type\":\"ListItem\",\"position\":2,\"name\":\"Projects\"}]},{\"@type\":\"WebSite\",\"@id\":\"https:\/\/pro.ba\/#website\",\"url\":\"https:\/\/pro.ba\/\",\"name\":\"pro.ba\",\"description\":\"Sarajevo Center for Contemporary Arts\",\"publisher\":{\"@id\":\"https:\/\/pro.ba\/#organization\"},\"potentialAction\":[{\"@type\":\"SearchAction\",\"target\":{\"@type\":\"EntryPoint\",\"urlTemplate\":\"https:\/\/pro.ba\/?s={search_term_string}\"},\"query-input\":{\"@type\":\"PropertyValueSpecification\",\"valueRequired\":true,\"valueName\":\"search_term_string\"}}],\"inLanguage\":\"en-US\"},{\"@type\":\"Organization\",\"@id\":\"https:\/\/pro.ba\/#organization\",\"name\":\"pro.ba\",\"url\":\"https:\/\/pro.ba\/\",\"logo\":{\"@type\":\"ImageObject\",\"inLanguage\":\"en-US\",\"@id\":\"https:\/\/pro.ba\/#\/schema\/logo\/image\/\",\"url\":\"https:\/\/pro.ba\/app\/uploads\/2022\/12\/proba-profile.png\",\"contentUrl\":\"https:\/\/pro.ba\/app\/uploads\/2022\/12\/proba-profile.png\",\"width\":1601,\"height\":900,\"caption\":\"pro.ba\"},\"image\":{\"@id\":\"https:\/\/pro.ba\/#\/schema\/logo\/image\/\"},\"sameAs\":[\"https:\/\/www.facebook.com\/SCCApro.ba\"]}]}<\/script>\n<!-- \/ Yoast SEO plugin. -->","yoast_head_json":{"title":"Projects - pro.ba","robots":{"index":"index","follow":"follow","max-snippet":"max-snippet:-1","max-image-preview":"max-image-preview:large","max-video-preview":"max-video-preview:-1"},"canonical":"https:\/\/pro.ba\/en\/projects\/","og_locale":"en_US","og_type":"article","og_title":"Projects - pro.ba","og_url":"https:\/\/pro.ba\/en\/projects\/","og_site_name":"pro.ba","article_publisher":"https:\/\/www.facebook.com\/SCCApro.ba","article_modified_time":"2022-12-18T18:45:15+00:00","twitter_card":"summary_large_image","twitter_misc":{"Est. reading time":"4 minutes"},"schema":{"@context":"https:\/\/schema.org","@graph":[{"@type":"WebPage","@id":"https:\/\/pro.ba\/en\/projects\/","url":"https:\/\/pro.ba\/en\/projects\/","name":"Projects - pro.ba","isPartOf":{"@id":"https:\/\/pro.ba\/#website"},"datePublished":"2011-02-14T17:57:00+00:00","dateModified":"2022-12-18T18:45:15+00:00","breadcrumb":{"@id":"https:\/\/pro.ba\/en\/projects\/#breadcrumb"},"inLanguage":"en-US","potentialAction":[{"@type":"ReadAction","target":["https:\/\/pro.ba\/en\/projects\/"]}]},{"@type":"BreadcrumbList","@id":"https:\/\/pro.ba\/en\/projects\/#breadcrumb","itemListElement":[{"@type":"ListItem","position":1,"name":"Home","item":"https:\/\/pro.ba\/"},{"@type":"ListItem","position":2,"name":"Projects"}]},{"@type":"WebSite","@id":"https:\/\/pro.ba\/#website","url":"https:\/\/pro.ba\/","name":"pro.ba","description":"Sarajevo Center for Contemporary Arts","publisher":{"@id":"https:\/\/pro.ba\/#organization"},"potentialAction":[{"@type":"SearchAction","target":{"@type":"EntryPoint","urlTemplate":"https:\/\/pro.ba\/?s={search_term_string}"},"query-input":{"@type":"PropertyValueSpecification","valueRequired":true,"valueName":"search_term_string"}}],"inLanguage":"en-US"},{"@type":"Organization","@id":"https:\/\/pro.ba\/#organization","name":"pro.ba","url":"https:\/\/pro.ba\/","logo":{"@type":"ImageObject","inLanguage":"en-US","@id":"https:\/\/pro.ba\/#\/schema\/logo\/image\/","url":"https:\/\/pro.ba\/app\/uploads\/2022\/12\/proba-profile.png","contentUrl":"https:\/\/pro.ba\/app\/uploads\/2022\/12\/proba-profile.png","width":1601,"height":900,"caption":"pro.ba"},"image":{"@id":"https:\/\/pro.ba\/#\/schema\/logo\/image\/"},"sameAs":["https:\/\/www.facebook.com\/SCCApro.ba"]}]}},"_links":{"self":[{"href":"https:\/\/pro.ba\/en\/wp-json\/wp\/v2\/pages\/1954"}],"collection":[{"href":"https:\/\/pro.ba\/en\/wp-json\/wp\/v2\/pages"}],"about":[{"href":"https:\/\/pro.ba\/en\/wp-json\/wp\/v2\/types\/page"}],"author":[{"embeddable":true,"href":"https:\/\/pro.ba\/en\/wp-json\/wp\/v2\/users\/4"}],"replies":[{"embeddable":true,"href":"https:\/\/pro.ba\/en\/wp-json\/wp\/v2\/comments?post=1954"}],"version-history":[{"count":12,"href":"https:\/\/pro.ba\/en\/wp-json\/wp\/v2\/pages\/1954\/revisions"}],"predecessor-version":[{"id":5322,"href":"https:\/\/pro.ba\/en\/wp-json\/wp\/v2\/pages\/1954\/revisions\/5322"}],"wp:attachment":[{"href":"https:\/\/pro.ba\/en\/wp-json\/wp\/v2\/media?parent=1954"}],"curies":[{"name":"wp","href":"https:\/\/api.w.org\/{rel}","templated":true}]}}